{"id":2258,"date":"2019-12-05T19:18:46","date_gmt":"2019-12-05T19:18:46","guid":{"rendered":"https:\/\/votre-conseiller.com\/accueil-v2\/"},"modified":"2020-03-05T18:31:14","modified_gmt":"2020-03-05T18:31:14","slug":"home-v2","status":"publish","type":"page","link":"https:\/\/mail.servicesfinanciersrobertlaliberte.com\/en\/home-v2\/","title":{"rendered":"HOME version 2019"},"content":{"rendered":"<div class=\"wpb-content-wrapper\">[vc_row fullwidth=&#8221;true&#8221;][vc_column][mk_revslider id=&#8221;accueil-v2020-en&#8221;][\/vc_column][\/vc_row][mk_page_section bg_color=&#8221;#f4f4f4&#8243; sidebar=&#8221;sidebar-1&#8243;][vc_column width=&#8221;3\/12&#8243;][\/vc_column][vc_column width=&#8221;6\/12&#8243;][vc_empty_space height=&#8221;50px&#8221;][vc_column_text css=&#8221;.vc_custom_1583428382313{margin-bottom: 0px !important;}&#8221;]\n<h1 style=\"font-size: 50px; color: #cd2936; text-align: center;\">Major life events<\/h1>\n<p style=\"text-align: center; font-size: 16px;\">Life is made up of important stages where you grow, learn and have incredible experiences. Having a seasoned advisor will help you make sure to get the most out of life!<\/p>\n[\/vc_column_text][\/vc_column][vc_column width=&#8221;3\/12&#8243;][\/vc_column][\/mk_page_section][mk_page_section bg_color=&#8221;#f4f4f4&#8243; bg_position=&#8221;center center&#8221; bg_repeat=&#8221;no-repeat&#8221; bg_stretch=&#8221;true&#8221; min_height=&#8221;0&#8243; padding_top=&#8221;0&#8243; padding_bottom=&#8221;0&#8243; section_id=&#8221;EvenementsVie&#8221; sidebar=&#8221;sidebar-1&#8243;][vc_column width=&#8221;1\/4&#8243;][vc_empty_space height=&#8221;50px&#8221;][mk_image_switch src_first=&#8221;https:\/\/www.servicesfinanciersrobertlaliberte.com\/wp-content\/uploads\/2020\/03\/groupe-16-1.jpg&#8221; src_second=&#8221;https:\/\/www.servicesfinanciersrobertlaliberte.com\/wp-content\/uploads\/2020\/03\/groupe-53-1.jpg&#8221; hover_animation=&#8221;fading&#8221; crop=&#8221;false&#8221; align=&#8221;center&#8221; margin_bottom=&#8221;0&#8243; el_class=&#8221;NavEvent Enfant&#8221; link=&#8221;url:https%3A%2F%2Fwww.servicesfinanciersrobertlaliberte.com%2Fevenement-de-la-vie%2Fnaissance-dun-enfant%2F|||&#8221;][vc_empty_space height=&#8221;20px&#8221;][mk_image_switch src_first=&#8221;https:\/\/www.servicesfinanciersrobertlaliberte.com\/wp-content\/uploads\/2020\/03\/groupe-54-1.jpg&#8221; src_second=&#8221;https:\/\/www.servicesfinanciersrobertlaliberte.com\/wp-content\/uploads\/2020\/03\/groupe-51-1.jpg&#8221; hover_animation=&#8221;fading&#8221; crop=&#8221;false&#8221; align=&#8221;center&#8221; margin_bottom=&#8221;0&#8243; el_class=&#8221;NavEvent Entrepreneur&#8221; link=&#8221;url:https%3A%2F%2Fwww.servicesfinanciersrobertlaliberte.com%2Fevenement-de-la-vie%2Fproprietaire-dune-entreprise%2F|||&#8221;][vc_empty_space height=&#8221;50px&#8221;][\/vc_column][vc_column width=&#8221;1\/4&#8243;][vc_empty_space height=&#8221;50px&#8221;][mk_image_switch src_first=&#8221;https:\/\/www.servicesfinanciersrobertlaliberte.com\/wp-content\/uploads\/2020\/03\/groupe-15-1.jpg&#8221; src_second=&#8221;https:\/\/www.servicesfinanciersrobertlaliberte.com\/wp-content\/uploads\/2020\/03\/groupe-52-1.jpg&#8221; hover_animation=&#8221;fading&#8221; crop=&#8221;false&#8221; align=&#8221;center&#8221; margin_bottom=&#8221;0&#8243; el_class=&#8221;NavEvent Maison&#8221; link=&#8221;url:https%3A%2F%2Fwww.servicesfinanciersrobertlaliberte.com%2Fevenement-de-la-vie%2Fachat-dune-maison%2F|||&#8221;][vc_empty_space height=&#8221;20px&#8221;][mk_image_switch src_first=&#8221;https:\/\/www.servicesfinanciersrobertlaliberte.com\/wp-content\/uploads\/2020\/03\/groupe-19-1.jpg&#8221; src_second=&#8221;https:\/\/www.servicesfinanciersrobertlaliberte.com\/wp-content\/uploads\/2020\/03\/groupe-50-1.jpg&#8221; hover_animation=&#8221;fading&#8221; crop=&#8221;false&#8221; align=&#8221;center&#8221; margin_bottom=&#8221;0&#8243; el_class=&#8221;NavEvent Retraite&#8221; link=&#8221;url:https%3A%2F%2Fwww.servicesfinanciersrobertlaliberte.com%2Fevenement-de-la-vie%2Fplanifier-sa-retraite%2F|||&#8221;][vc_empty_space height=&#8221;50px&#8221;][\/vc_column][vc_column width=&#8221;1\/4&#8243;][vc_empty_space height=&#8221;50px&#8221;][mk_image_switch src_first=&#8221;https:\/\/www.servicesfinanciersrobertlaliberte.com\/wp-content\/uploads\/2020\/03\/groupe-17-1.jpg&#8221; src_second=&#8221;https:\/\/www.servicesfinanciersrobertlaliberte.com\/wp-content\/uploads\/2020\/03\/groupe-48-1.jpg&#8221; hover_animation=&#8221;fading&#8221; crop=&#8221;false&#8221; align=&#8221;center&#8221; margin_bottom=&#8221;0&#8243; el_class=&#8221;NavEvent Promotion&#8221; link=&#8221;url:https%3A%2F%2Fwww.servicesfinanciersrobertlaliberte.com%2Fevenement-de-la-vie%2Fnouvel-emploi-ou-promotion%2F|||&#8221;][vc_empty_space height=&#8221;20px&#8221;][mk_image_switch src_first=&#8221;https:\/\/www.servicesfinanciersrobertlaliberte.com\/wp-content\/uploads\/2020\/03\/groupe-22-1.jpg&#8221; src_second=&#8221;https:\/\/www.servicesfinanciersrobertlaliberte.com\/wp-content\/uploads\/2020\/03\/groupe-47-1.jpg&#8221; hover_animation=&#8221;fading&#8221; crop=&#8221;false&#8221; align=&#8221;center&#8221; margin_bottom=&#8221;0&#8243; el_class=&#8221;NavEvent Argent&#8221; link=&#8221;url:https%3A%2F%2Fwww.servicesfinanciersrobertlaliberte.com%2Fevenement-de-la-vie%2Ffaire-fructifier-son-argent%2F|||&#8221;][vc_empty_space height=&#8221;50px&#8221;][\/vc_column][vc_column width=&#8221;1\/4&#8243;][vc_empty_space height=&#8221;50px&#8221;][mk_image_switch src_first=&#8221;https:\/\/www.servicesfinanciersrobertlaliberte.com\/wp-content\/uploads\/2020\/03\/groupe-18-1.jpg&#8221; src_second=&#8221;https:\/\/www.servicesfinanciersrobertlaliberte.com\/wp-content\/uploads\/2020\/03\/groupe-49-1.jpg&#8221; hover_animation=&#8221;fading&#8221; crop=&#8221;false&#8221; align=&#8221;center&#8221; margin_bottom=&#8221;0&#8243; el_class=&#8221;NavEvent Projet&#8221; link=&#8221;url:https%3A%2F%2Fwww.servicesfinanciersrobertlaliberte.com%2Fevenement-de-la-vie%2Fprevoir-un-projet%2F|||&#8221;][vc_empty_space height=&#8221;20px&#8221;][mk_image_switch src_first=&#8221;https:\/\/www.servicesfinanciersrobertlaliberte.com\/wp-content\/uploads\/2020\/03\/groupe-21-1.jpg&#8221; src_second=&#8221;https:\/\/www.servicesfinanciersrobertlaliberte.com\/wp-content\/uploads\/2020\/03\/groupe-46-1.jpg&#8221; hover_animation=&#8221;fading&#8221; crop=&#8221;false&#8221; align=&#8221;center&#8221; margin_bottom=&#8221;0&#8243; el_class=&#8221;NavEvent Voyage&#8221; link=&#8221;url:https%3A%2F%2Fwww.servicesfinanciersrobertlaliberte.com%2Fassurances-de-personne%2Fassurance-voyage%2F|||&#8221;][vc_empty_space height=&#8221;50px&#8221;][\/vc_column][\/mk_page_section][vc_row fullwidth=&#8221;true&#8221; fullwidth_content=&#8221;false&#8221; css=&#8221;.vc_custom_1582559753127{border-top-width: 4px !important;border-bottom-width: 3px !important;background-color: #cd2936 !important;}&#8221; el_class=&#8221;CustomSeparator&#8221;][vc_column][vc_empty_space height=&#8221;7px&#8221;][\/vc_column][\/vc_row][mk_page_section bg_color=&#8221;#ffffff&#8221; bg_position=&#8221;center center&#8221; bg_repeat=&#8221;no-repeat&#8221; bg_stretch=&#8221;true&#8221; min_height=&#8221;0&#8243; padding_top=&#8221;0&#8243; padding_bottom=&#8221;0&#8243; sidebar=&#8221;sidebar-1&#8243;][vc_column width=&#8221;1\/2&#8243;][vc_empty_space height=&#8221;50px&#8221;][vc_column_text css=&#8221;.vc_custom_1533136217785{margin-bottom: 0px !important;}&#8221;][\/vc_column_text][\/vc_column][vc_column width=&#8221;1\/2&#8243;][vc_empty_space height=&#8221;50px&#8221;][vc_column_text css=&#8221;.vc_custom_1575576085726{margin-bottom: 0px !important;}&#8221;]\n<h2 style=\"color: #111111; margin: 0px;\"><\/h2>\n<h3 style=\"margin: 0px;\"><\/h3>\n[\/vc_column_text][mk_divider style=&#8221;thick_solid&#8221; divider_width=&#8221;custom_width&#8221; custom_width=&#8221;100&#8243; align=&#8221;left&#8221; border_color=&#8221;#cd2936&#8243; el_class=&#8221;CustomSeparator&#8221;][vc_column_text css=&#8221;.vc_custom_1575576096596{margin-bottom: 0px !important;}&#8221;][\/vc_column_text][vc_empty_space height=&#8221;50px&#8221;][\/vc_column][\/mk_page_section][mk_page_section bg_image=&#8221;https:\/\/www.servicesfinanciersrobertlaliberte.com\/wp-content\/uploads\/2019\/12\/shutterstock_154401089.jpg&#8221; bg_color=&#8221;#ffffff&#8221; bg_position=&#8221;center center&#8221; bg_repeat=&#8221;no-repeat&#8221; bg_stretch=&#8221;true&#8221; min_height=&#8221;0&#8243; padding_top=&#8221;0&#8243; padding_bottom=&#8221;0&#8243; sidebar=&#8221;sidebar-1&#8243;][vc_column width=&#8221;1\/2&#8243; css=&#8221;.vc_custom_1526054569695{background-color: rgba(255,255,255,0.85) !important;*background-color: rgb(255,255,255) !important;}&#8221;][vc_empty_space height=&#8221;50px&#8221;][vc_column_text css=&#8221;.vc_custom_1583430803906{margin-bottom: 0px !important;}&#8221;]\n<h1>Financial advice for tailored solutions<\/h1>\n[\/vc_column_text][mk_divider style=&#8221;thick_solid&#8221; divider_width=&#8221;custom_width&#8221; custom_width=&#8221;100&#8243; align=&#8221;left&#8221; border_color=&#8221;#cd2936&#8243; el_class=&#8221;CustomSeparator&#8221;][vc_column_text css=&#8221;.vc_custom_1583430862052{margin-bottom: 0px !important;}&#8221;]\n<p style=\"text-align: justify;\">Each financial situation is unique and merits its own careful consideration. My personalized advice provides an accurate picture of your situation. I take a people-oriented approach so that you can enjoy peace of mind when it comes to your finances. As it is always recommended that you closely follow your stock market investments, my advice will help you do so while ensuring their sound management.<\/p>\n<p style=\"text-align: justify;\">After thoroughly reviewing your finances, I can recommend the right next steps to grow your portfolio. My expertise in the field ensures you explore the best avenues for getting the most out of your investments. Don\u2019t delay and discover a range of products and services to benefit every aspect of your finances. Browse the different pages for more information or contact me now.<\/p>\n[\/vc_column_text][vc_empty_space height=&#8221;50px&#8221;][\/vc_column][vc_column width=&#8221;1\/2&#8243;][\/vc_column][\/mk_page_section][vc_row][vc_column][vc_raw_js]JTNDc2NyaXB0JTIwdHlwZSUzRCUyMnRleHQlMkZqYXZhc2NyaXB0JTIyJTNFJTBBalF1ZXJ5JTI4JTIyJTIzRXZlbmVtZW50c1ZpZSUyMGElMjIlMjkuY2xpY2slMjhmdW5jdGlvbiUyOCUyOSU3QiUwQSUwOXZhciUyMGRlc3RpbmF0aW9uJTIwJTNEJTIwalF1ZXJ5JTI4dGhpcyUyOS5wYXJlbnQlMjglMjkuYXR0ciUyOCUyMmNsYXNzJTIyJTI5JTNCJTBBJTA5X19nYVRyYWNrZXIlMjglMjdzZW5kJTI3JTJDJTI3ZXZlbnQlMjclMkMlMjdFdmVuZW1lbnRzVmllJTI3JTJDJTI3Q2xpY2slMjclMkNkZXN0aW5hdGlvbiUyOSUzQiUwQSU3RCUyOSUzQiUwQSUzQyUyRnNjcmlwdCUzRQ==[\/vc_raw_js][\/vc_column][\/vc_row]\n<\/div>","protected":false},"excerpt":{"rendered":"<p>[vc_row fullwidth=&#8221;true&#8221;][vc_column][mk_revslider id=&#8221;accueil-v2020-en&#8221;][\/vc_column][\/vc_row][mk_page_section bg_color=&#8221;#f4f4f4&#8243; sidebar=&#8221;sidebar-1&#8243;][vc_column width=&#8221;3\/12&#8243;][\/vc_column][vc_column width=&#8221;6\/12&#8243;][vc_empty_space height=&#8221;50px&#8221;][vc_column_text css=&#8221;.vc_custom_1583428382313{margin-bottom: 0px !important;}&#8221;] Major life events Life is made up of important stages where you grow, learn and have incredible experiences. Having a seasoned advisor will help you make sure to get the most out of life! [\/vc_column_text][\/vc_column][vc_column width=&#8221;3\/12&#8243;][\/vc_column][\/mk_page_section][mk_page_section bg_color=&#8221;#f4f4f4&#8243; bg_position=&#8221;center center&#8221; bg_repeat=&#8221;no-repeat&#8221; bg_stretch=&#8221;true&#8221; min_height=&#8221;0&#8243; padding_top=&#8221;0&#8243; padding_bottom=&#8221;0&#8243; [&hellip;]<\/p>\n","protected":false},"author":4,"featured_media":0,"parent":0,"menu_order":0,"comment_status":"closed","ping_status":"closed","template":"","meta":{"footnotes":""},"yoast_head":"<!-- This site is optimized with the Yoast SEO plugin v22.3 - https:\/\/yoast.com\/wordpress\/plugins\/seo\/ -->\n<title>Financial advice<\/title>\n<meta name=\"description\" content=\"Obtenez les conseils financiers dont vous avez besoin! Pour une assurance vie, des placements ou des pr\u00eat hypoth\u00e9caires, nous sommes l\u00e0 pour vous!\" \/>\n<meta name=\"robots\" content=\"index, follow, max-snippet:-1, max-image-preview:large, max-video-preview:-1\" \/>\n<link rel=\"canonical\" href=\"https:\/\/www.servicesfinanciersrobertlaliberte.com\/en\/home-v2\/\" \/>\n<meta property=\"og:locale\" content=\"en_US\" \/>\n<meta property=\"og:type\" content=\"article\" \/>\n<meta property=\"og:title\" content=\"Financial advice\" \/>\n<meta property=\"og:description\" content=\"Obtenez les conseils financiers dont vous avez besoin! Pour une assurance vie, des placements ou des pr\u00eat hypoth\u00e9caires, nous sommes l\u00e0 pour vous!\" \/>\n<meta property=\"og:url\" content=\"https:\/\/www.servicesfinanciersrobertlaliberte.com\/en\/home-v2\/\" \/>\n<meta property=\"og:site_name\" content=\"Groupe Financier Horizons\" \/>\n<meta property=\"article:publisher\" content=\"https:\/\/www.facebook.com\/servicesfinancierslaliberte\/\" \/>\n<meta property=\"article:modified_time\" content=\"2020-03-05T18:31:14+00:00\" \/>\n<meta name=\"twitter:card\" content=\"summary_large_image\" \/>\n<meta name=\"twitter:label1\" content=\"Est. reading time\" \/>\n\t<meta name=\"twitter:data1\" content=\"5 minutes\" \/>\n<script type=\"application\/ld+json\" class=\"yoast-schema-graph\">{\"@context\":\"https:\/\/schema.org\",\"@graph\":[{\"@type\":\"WebPage\",\"@id\":\"https:\/\/www.servicesfinanciersrobertlaliberte.com\/en\/home-v2\/\",\"url\":\"https:\/\/www.servicesfinanciersrobertlaliberte.com\/en\/home-v2\/\",\"name\":\"Financial advice\",\"isPartOf\":{\"@id\":\"https:\/\/mail.servicesfinanciersrobertlaliberte.com\/en\/#website\"},\"datePublished\":\"2019-12-05T19:18:46+00:00\",\"dateModified\":\"2020-03-05T18:31:14+00:00\",\"description\":\"Obtenez les conseils financiers dont vous avez besoin! Pour une assurance vie, des placements ou des pr\u00eat hypoth\u00e9caires, nous sommes l\u00e0 pour vous!\",\"breadcrumb\":{\"@id\":\"https:\/\/www.servicesfinanciersrobertlaliberte.com\/en\/home-v2\/#breadcrumb\"},\"inLanguage\":\"en-US\",\"potentialAction\":[{\"@type\":\"ReadAction\",\"target\":[\"https:\/\/www.servicesfinanciersrobertlaliberte.com\/en\/home-v2\/\"]}]},{\"@type\":\"BreadcrumbList\",\"@id\":\"https:\/\/www.servicesfinanciersrobertlaliberte.com\/en\/home-v2\/#breadcrumb\",\"itemListElement\":[{\"@type\":\"ListItem\",\"position\":1,\"name\":\"Accueil\",\"item\":\"https:\/\/servicesfinanciersrobertlaliberte-13730204208.futehost.ca\/en\/\"},{\"@type\":\"ListItem\",\"position\":2,\"name\":\"HOME version 2019\"}]},{\"@type\":\"WebSite\",\"@id\":\"https:\/\/mail.servicesfinanciersrobertlaliberte.com\/en\/#website\",\"url\":\"https:\/\/mail.servicesfinanciersrobertlaliberte.com\/en\/\",\"name\":\"Services Financiers Robert Lalibert\u00e9 inc.\",\"description\":\"Les meilleurs conseils financiers\",\"publisher\":{\"@id\":\"https:\/\/mail.servicesfinanciersrobertlaliberte.com\/en\/#organization\"},\"potentialAction\":[{\"@type\":\"SearchAction\",\"target\":{\"@type\":\"EntryPoint\",\"urlTemplate\":\"https:\/\/mail.servicesfinanciersrobertlaliberte.com\/en\/?s={search_term_string}\"},\"query-input\":\"required name=search_term_string\"}],\"inLanguage\":\"en-US\"},{\"@type\":\"Organization\",\"@id\":\"https:\/\/mail.servicesfinanciersrobertlaliberte.com\/en\/#organization\",\"name\":\"Services Financiers Robert Lalibert\u00e9 inc.\",\"url\":\"https:\/\/mail.servicesfinanciersrobertlaliberte.com\/en\/\",\"logo\":{\"@type\":\"ImageObject\",\"inLanguage\":\"en-US\",\"@id\":\"https:\/\/mail.servicesfinanciersrobertlaliberte.com\/en\/#\/schema\/logo\/image\/\",\"url\":\"https:\/\/mail.servicesfinanciersrobertlaliberte.com\/wp-content\/uploads\/2024\/10\/services-financiers-robert-laliberteu-inc.-logo_page_01.jpg\",\"contentUrl\":\"https:\/\/mail.servicesfinanciersrobertlaliberte.com\/wp-content\/uploads\/2024\/10\/services-financiers-robert-laliberteu-inc.-logo_page_01.jpg\",\"width\":2200,\"height\":1700,\"caption\":\"Services Financiers Robert Lalibert\u00e9 inc.\"},\"image\":{\"@id\":\"https:\/\/mail.servicesfinanciersrobertlaliberte.com\/en\/#\/schema\/logo\/image\/\"},\"sameAs\":[\"https:\/\/www.facebook.com\/servicesfinancierslaliberte\/\"]}]}<\/script>\n<!-- \/ Yoast SEO plugin. -->","yoast_head_json":{"title":"Financial advice","description":"Obtenez les conseils financiers dont vous avez besoin! Pour une assurance vie, des placements ou des pr\u00eat hypoth\u00e9caires, nous sommes l\u00e0 pour vous!","robots":{"index":"index","follow":"follow","max-snippet":"max-snippet:-1","max-image-preview":"max-image-preview:large","max-video-preview":"max-video-preview:-1"},"canonical":"https:\/\/www.servicesfinanciersrobertlaliberte.com\/en\/home-v2\/","og_locale":"en_US","og_type":"article","og_title":"Financial advice","og_description":"Obtenez les conseils financiers dont vous avez besoin! Pour une assurance vie, des placements ou des pr\u00eat hypoth\u00e9caires, nous sommes l\u00e0 pour vous!","og_url":"https:\/\/www.servicesfinanciersrobertlaliberte.com\/en\/home-v2\/","og_site_name":"Groupe Financier Horizons","article_publisher":"https:\/\/www.facebook.com\/servicesfinancierslaliberte\/","article_modified_time":"2020-03-05T18:31:14+00:00","twitter_card":"summary_large_image","twitter_misc":{"Est. reading time":"5 minutes"},"schema":{"@context":"https:\/\/schema.org","@graph":[{"@type":"WebPage","@id":"https:\/\/www.servicesfinanciersrobertlaliberte.com\/en\/home-v2\/","url":"https:\/\/www.servicesfinanciersrobertlaliberte.com\/en\/home-v2\/","name":"Financial advice","isPartOf":{"@id":"https:\/\/mail.servicesfinanciersrobertlaliberte.com\/en\/#website"},"datePublished":"2019-12-05T19:18:46+00:00","dateModified":"2020-03-05T18:31:14+00:00","description":"Obtenez les conseils financiers dont vous avez besoin! Pour une assurance vie, des placements ou des pr\u00eat hypoth\u00e9caires, nous sommes l\u00e0 pour vous!","breadcrumb":{"@id":"https:\/\/www.servicesfinanciersrobertlaliberte.com\/en\/home-v2\/#breadcrumb"},"inLanguage":"en-US","potentialAction":[{"@type":"ReadAction","target":["https:\/\/www.servicesfinanciersrobertlaliberte.com\/en\/home-v2\/"]}]},{"@type":"BreadcrumbList","@id":"https:\/\/www.servicesfinanciersrobertlaliberte.com\/en\/home-v2\/#breadcrumb","itemListElement":[{"@type":"ListItem","position":1,"name":"Accueil","item":"https:\/\/servicesfinanciersrobertlaliberte-13730204208.futehost.ca\/en\/"},{"@type":"ListItem","position":2,"name":"HOME version 2019"}]},{"@type":"WebSite","@id":"https:\/\/mail.servicesfinanciersrobertlaliberte.com\/en\/#website","url":"https:\/\/mail.servicesfinanciersrobertlaliberte.com\/en\/","name":"Services Financiers Robert Lalibert\u00e9 inc.","description":"Les meilleurs conseils financiers","publisher":{"@id":"https:\/\/mail.servicesfinanciersrobertlaliberte.com\/en\/#organization"},"potentialAction":[{"@type":"SearchAction","target":{"@type":"EntryPoint","urlTemplate":"https:\/\/mail.servicesfinanciersrobertlaliberte.com\/en\/?s={search_term_string}"},"query-input":"required name=search_term_string"}],"inLanguage":"en-US"},{"@type":"Organization","@id":"https:\/\/mail.servicesfinanciersrobertlaliberte.com\/en\/#organization","name":"Services Financiers Robert Lalibert\u00e9 inc.","url":"https:\/\/mail.servicesfinanciersrobertlaliberte.com\/en\/","logo":{"@type":"ImageObject","inLanguage":"en-US","@id":"https:\/\/mail.servicesfinanciersrobertlaliberte.com\/en\/#\/schema\/logo\/image\/","url":"https:\/\/mail.servicesfinanciersrobertlaliberte.com\/wp-content\/uploads\/2024\/10\/services-financiers-robert-laliberteu-inc.-logo_page_01.jpg","contentUrl":"https:\/\/mail.servicesfinanciersrobertlaliberte.com\/wp-content\/uploads\/2024\/10\/services-financiers-robert-laliberteu-inc.-logo_page_01.jpg","width":2200,"height":1700,"caption":"Services Financiers Robert Lalibert\u00e9 inc."},"image":{"@id":"https:\/\/mail.servicesfinanciersrobertlaliberte.com\/en\/#\/schema\/logo\/image\/"},"sameAs":["https:\/\/www.facebook.com\/servicesfinancierslaliberte\/"]}]}},"_links":{"self":[{"href":"https:\/\/mail.servicesfinanciersrobertlaliberte.com\/en\/wp-json\/wp\/v2\/pages\/2258"}],"collection":[{"href":"https:\/\/mail.servicesfinanciersrobertlaliberte.com\/en\/wp-json\/wp\/v2\/pages"}],"about":[{"href":"https:\/\/mail.servicesfinanciersrobertlaliberte.com\/en\/wp-json\/wp\/v2\/types\/page"}],"author":[{"embeddable":true,"href":"https:\/\/mail.servicesfinanciersrobertlaliberte.com\/en\/wp-json\/wp\/v2\/users\/4"}],"replies":[{"embeddable":true,"href":"https:\/\/mail.servicesfinanciersrobertlaliberte.com\/en\/wp-json\/wp\/v2\/comments?post=2258"}],"version-history":[{"count":9,"href":"https:\/\/mail.servicesfinanciersrobertlaliberte.com\/en\/wp-json\/wp\/v2\/pages\/2258\/revisions"}],"predecessor-version":[{"id":2597,"href":"https:\/\/mail.servicesfinanciersrobertlaliberte.com\/en\/wp-json\/wp\/v2\/pages\/2258\/revisions\/2597"}],"wp:attachment":[{"href":"https:\/\/mail.servicesfinanciersrobertlaliberte.com\/en\/wp-json\/wp\/v2\/media?parent=2258"}],"curies":[{"name":"wp","href":"https:\/\/api.w.org\/{rel}","templated":true}]}}